{"id":2145,"date":"2023-09-11T18:40:40","date_gmt":"2023-09-11T18:40:40","guid":{"rendered":"https:\/\/www.kemiaokosan.hu\/?page_id=2145"},"modified":"2023-09-17T16:14:05","modified_gmt":"2023-09-17T16:14:05","slug":"elementor-2145","status":"publish","type":"page","link":"https:\/\/www.kemiaokosan.hu\/","title":{"rendered":"\u00dcdv\u00f6z\u00f6llek a k\u00e9mia vil\u00e1g\u00e1ban!"},"content":{"rendered":"\t\t<div data-elementor-type=\"wp-page\" data-elementor-id=\"2145\" class=\"elementor elementor-2145\">\n\t\t\t\t\t\t<section class=\"elementor-section elementor-top-section elementor-element elementor-element-d99669b elementor-section-boxed elementor-section-height-default elementor-section-height-default exad-glass-effect-no exad-sticky-section-no\" data-id=\"d99669b\" data-element_type=\"section\" data-e-type=\"section\" data-settings=\"{&quot;background_background&quot;:&quot;gradient&quot;}\">\n\t\t\t\t\t\t<div class=\"elementor-container elementor-column-gap-default\">\n\t\t\t\t\t<div class=\"elementor-column elementor-col-50 elementor-top-column elementor-element elementor-element-ee227b3 exad-glass-effect-no exad-sticky-section-no\" data-id=\"ee227b3\" data-element_type=\"column\" data-e-type=\"column\">\n\t\t\t<div class=\"elementor-widget-wrap elementor-element-populated\">\n\t\t\t\t\t\t<div class=\"elementor-element elementor-element-4d8ef2d exad-sticky-section-no exad-glass-effect-no elementor-widget elementor-widget-exad-exclusive-button\" data-id=\"4d8ef2d\" data-element_type=\"widget\" data-e-type=\"widget\" data-widget_type=\"exad-exclusive-button.default\">\n\t\t\t\t<div class=\"elementor-widget-container\">\n\t\t\t\t\t\r\n\t\t<div class=\"exad-button-wrapper effect-1 exad-button-incon-before-text exad-button-fixed-height-no\">\r\n\r\n\t\t\t\r\n\t\t\t<a href=\"https:\/\/www.kemiaokosan.hu\/?page_id=1275\" class=\"exad-button-action\">\r\n\t\t\t\t\t\t\t\t\t\t<span>\r\n\t\t\t\t\t\t\t<i class=\"far fa-calendar-plus\"><\/i>\t\t\t\t\t\t<\/span>\r\n\t\t\t\t\t\r\n\t\t\t\t<span>\r\n\t\t\t\t\tId\u0151pontfoglal\u00e1s\t\t\t\t<\/span>\r\n\r\n\t\t\t\t\t\t\t<\/a>\r\n\r\n\t\t\t\t\t<\/div>\r\n\t\t\t\t\t\t<\/div>\n\t\t\t\t<\/div>\n\t\t\t\t\t<\/div>\n\t\t<\/div>\n\t\t\t\t<div class=\"elementor-column elementor-col-50 elementor-top-column elementor-element elementor-element-57cfde0 exad-glass-effect-no exad-sticky-section-no\" data-id=\"57cfde0\" data-element_type=\"column\" data-e-type=\"column\">\n\t\t\t<div class=\"elementor-widget-wrap\">\n\t\t\t\t\t\t\t<\/div>\n\t\t<\/div>\n\t\t\t\t\t<\/div>\n\t\t<\/section>\n\t\t\t\t<section class=\"elementor-section elementor-top-section elementor-element elementor-element-8b09108 elementor-section-boxed elementor-section-height-default elementor-section-height-default exad-glass-effect-no exad-sticky-section-no\" data-id=\"8b09108\" data-element_type=\"section\" data-e-type=\"section\">\n\t\t\t\t\t\t<div class=\"elementor-container elementor-column-gap-default\">\n\t\t\t\t\t<div class=\"elementor-column elementor-col-50 elementor-top-column elementor-element elementor-element-93d4c76 exad-glass-effect-no exad-sticky-section-no\" data-id=\"93d4c76\" data-element_type=\"column\" data-e-type=\"column\">\n\t\t\t<div class=\"elementor-widget-wrap elementor-element-populated\">\n\t\t\t\t\t\t<div class=\"elementor-element elementor-element-0b58a49 exad-sticky-section-no exad-glass-effect-no elementor-widget elementor-widget-exad-exclusive-button\" data-id=\"0b58a49\" data-element_type=\"widget\" data-e-type=\"widget\" data-widget_type=\"exad-exclusive-button.default\">\n\t\t\t\t<div class=\"elementor-widget-container\">\n\t\t\t\t\t\r\n\t\t<div class=\"exad-button-wrapper effect-1 exad-button-incon-before-text exad-button-fixed-height-no\">\r\n\r\n\t\t\t\r\n\t\t\t<a href=\"https:\/\/www.kemiaokosan.hu\/?page_id=71\" class=\"exad-button-action\">\r\n\t\t\t\t\t\t\t\t\t\t<span>\r\n\t\t\t\t\t\t\t<i class=\"fas fa-download\"><\/i>\t\t\t\t\t\t<\/span>\r\n\t\t\t\t\t\r\n\t\t\t\t<span>\r\n\t\t\t\t\tTud\u00e1st\u00e1r\t\t\t\t<\/span>\r\n\r\n\t\t\t\t\t\t\t<\/a>\r\n\r\n\t\t\t\t\t<\/div>\r\n\t\t\t\t\t\t<\/div>\n\t\t\t\t<\/div>\n\t\t\t\t\t<\/div>\n\t\t<\/div>\n\t\t\t\t<div class=\"elementor-column elementor-col-50 elementor-top-column elementor-element elementor-element-3421a8c exad-glass-effect-no exad-sticky-section-no\" data-id=\"3421a8c\" data-element_type=\"column\" data-e-type=\"column\">\n\t\t\t<div class=\"elementor-widget-wrap\">\n\t\t\t\t\t\t\t<\/div>\n\t\t<\/div>\n\t\t\t\t\t<\/div>\n\t\t<\/section>\n\t\t\t\t<section class=\"elementor-section elementor-top-section elementor-element elementor-element-309a302 elementor-section-boxed elementor-section-height-default elementor-section-height-default exad-glass-effect-no exad-sticky-section-no\" data-id=\"309a302\" data-element_type=\"section\" data-e-type=\"section\">\n\t\t\t\t\t\t<div class=\"elementor-container elementor-column-gap-default\">\n\t\t\t\t\t<div class=\"elementor-column elementor-col-50 elementor-top-column elementor-element elementor-element-48f24ce exad-glass-effect-no exad-sticky-section-no\" data-id=\"48f24ce\" data-element_type=\"column\" data-e-type=\"column\">\n\t\t\t<div class=\"elementor-widget-wrap elementor-element-populated\">\n\t\t\t\t\t\t<div class=\"elementor-element elementor-element-4fb236c exad-sticky-section-no exad-glass-effect-no elementor-widget elementor-widget-text-editor\" data-id=\"4fb236c\" data-element_type=\"widget\" data-e-type=\"widget\" data-widget_type=\"text-editor.default\">\n\t\t\t\t<div class=\"elementor-widget-container\">\n\t\t\t\t\t\t\t\t\t<p>Sok szeretettel l\u00e1tlak a @kemiaokosan hivatalos weboldal\u00e1n, ahol hasznos bejegyz\u00e9seket \u00e9s online tananyagokat tal\u00e1lhatsz az \u00e1ltal\u00e1nos iskolai tartalmakon \u00e1t a k\u00f6z\u00e9piskolai anyagokon kereszt\u00fcl az\u00a0egyetemiekig. Az itt megjelen\u0151 tud\u00e1st\u00e1rat hossz\u00fa \u00e9vek tapasztalata alapj\u00e1n alak\u00edtottam ki azzal a c\u00e9llal, hogy mindenkinek el\u00e9rhet\u0151en \u00e9s hasznosan el lehessen magyar\u00e1zni a k\u00e9miai anyagokat.<\/p><p>Hiszem, hogy a tud\u00e1s mindenkinek a jav\u00e1ra v\u00e1lik, \u00e9s soha nem k\u00e9s\u0151 elkezdeni \u00faj dolgokat tanulni, legyen valaki id\u0151s vagy fiatal, kezd\u0151 vagy halad\u00f3. Nem szeretem a r\u00e9gi elcs\u00e9pelt m\u00f3dszerek haszn\u00e1lat\u00e1t, illetve a hierarchikus viszony fenntart\u00e1s\u00e1t sem.<\/p>\t\t\t\t\t\t\t\t<\/div>\n\t\t\t\t<\/div>\n\t\t\t\t\t<\/div>\n\t\t<\/div>\n\t\t\t\t<div class=\"elementor-column elementor-col-50 elementor-top-column elementor-element elementor-element-05139b1 exad-glass-effect-no exad-sticky-section-no\" data-id=\"05139b1\" data-element_type=\"column\" data-e-type=\"column\">\n\t\t\t<div class=\"elementor-widget-wrap elementor-element-populated\">\n\t\t\t\t\t\t<div class=\"elementor-element elementor-element-36c5694 exad-sticky-section-no exad-glass-effect-no elementor-widget elementor-widget-video\" data-id=\"36c5694\" data-element_type=\"widget\" data-e-type=\"widget\" data-settings=\"{&quot;youtube_url&quot;:&quot;https:\\\/\\\/www.youtube.com\\\/watch?v=RvOvcIebm2k&amp;t=18s&quot;,&quot;video_type&quot;:&quot;youtube&quot;,&quot;controls&quot;:&quot;yes&quot;}\" data-widget_type=\"video.default\">\n\t\t\t\t<div class=\"elementor-widget-container\">\n\t\t\t\t\t\t\t<div class=\"elementor-wrapper elementor-open-inline\">\n\t\t\t<div class=\"elementor-video\"><\/div>\t\t<\/div>\n\t\t\t\t\t\t<\/div>\n\t\t\t\t<\/div>\n\t\t\t\t\t<\/div>\n\t\t<\/div>\n\t\t\t\t\t<\/div>\n\t\t<\/section>\n\t\t\t\t<section class=\"elementor-section elementor-top-section elementor-element elementor-element-060e8e9 elementor-section-boxed elementor-section-height-default elementor-section-height-default exad-glass-effect-no exad-sticky-section-no\" data-id=\"060e8e9\" data-element_type=\"section\" data-e-type=\"section\">\n\t\t\t\t\t\t<div class=\"elementor-container elementor-column-gap-default\">\n\t\t\t\t\t<div class=\"elementor-column elementor-col-100 elementor-top-column elementor-element elementor-element-866d4a9 exad-glass-effect-no exad-sticky-section-no\" data-id=\"866d4a9\" data-element_type=\"column\" data-e-type=\"column\">\n\t\t\t<div class=\"elementor-widget-wrap elementor-element-populated\">\n\t\t\t\t\t\t<div class=\"elementor-element elementor-element-f7017dc exad-sticky-section-no exad-glass-effect-no elementor-widget elementor-widget-spacer\" data-id=\"f7017dc\" data-element_type=\"widget\" data-e-type=\"widget\" data-widget_type=\"spacer.default\">\n\t\t\t\t<div class=\"elementor-widget-container\">\n\t\t\t\t\t\t\t<div class=\"elementor-spacer\">\n\t\t\t<div class=\"elementor-spacer-inner\"><\/div>\n\t\t<\/div>\n\t\t\t\t\t\t<\/div>\n\t\t\t\t<\/div>\n\t\t\t\t\t<\/div>\n\t\t<\/div>\n\t\t\t\t\t<\/div>\n\t\t<\/section>\n\t\t\t\t<section class=\"elementor-section elementor-top-section elementor-element elementor-element-1d09453 elementor-section-boxed elementor-section-height-default elementor-section-height-default exad-glass-effect-no exad-sticky-section-no\" data-id=\"1d09453\" data-element_type=\"section\" data-e-type=\"section\">\n\t\t\t\t\t\t<div class=\"elementor-container elementor-column-gap-default\">\n\t\t\t\t\t<div class=\"elementor-column elementor-col-50 elementor-top-column elementor-element elementor-element-c0f05a5 exad-glass-effect-no exad-sticky-section-no elementor-invisible\" data-id=\"c0f05a5\" data-element_type=\"column\" data-e-type=\"column\" data-settings=\"{&quot;animation&quot;:&quot;fadeIn&quot;}\">\n\t\t\t<div class=\"elementor-widget-wrap elementor-element-populated\">\n\t\t\t\t\t\t<div class=\"elementor-element elementor-element-be8d1d3 exad-sticky-section-no exad-glass-effect-no elementor-widget elementor-widget-text-editor\" data-id=\"be8d1d3\" data-element_type=\"widget\" data-e-type=\"widget\" data-widget_type=\"text-editor.default\">\n\t\t\t\t<div class=\"elementor-widget-container\">\n\t\t\t\t\t\t\t\t\t<h2 class=\"elementor-heading-title elementor-size-xl\">Kinek aj\u00e1nlott az oldal?<\/h2><p>\u00a0<\/p><p>Az oldalt legink\u00e1bb a k\u00e9mi\u00e1val foglalkozni akar\u00f3 \u00e1ltal\u00e1nos iskol\u00e1s\/k\u00f6z\u00e9piskol\u00e1s\/egyetemista tanul\u00f3knak aj\u00e1nlom illetve azoknak, akiknek neh\u00e9zs\u00e9geik vannak a k\u00e9mi\u00e1val, de mindenkinek haszn\u00e1ra v\u00e1lhat az ismeretanyag. K\u00e9mia tan\u00e1rok, nevel\u0151k, de ak\u00e1r a szakemberek is tal\u00e1lhatnak egy-k\u00e9t hasznos \u00f6tletet, amelyet fel tudnak haszn\u00e1lni. Az itt megtal\u00e1lhat\u00f3 tanul\u00e1st seg\u00edt\u0151 m\u00f3dszerek megk\u00f6nny\u00edthetik a prezent\u00e1l\u00e1st, illetve seg\u00edthetnek a munkahelyen \u00e9s v\u00e1llalkoz\u00e1sokban is.Az \u00e1tlagember is tal\u00e1lhat azonban olyan dolgokat, amelyekkel fejlesztheti a tud\u00e1s\u00e1t. Szent\u00fcl hiszem azt, hogy a k\u00e9mia egy m\u00e9lyen alul \u00e9rt\u00e9kelt tudom\u00e1ny jelenleg Magyarorsz\u00e1gon, ezen szeretn\u00e9k v\u00e1ltoztatni amennyire er\u0151mb\u0151l \u00e9s lehet\u0151s\u00e9geimb\u0151l telik<\/p>\t\t\t\t\t\t\t\t<\/div>\n\t\t\t\t<\/div>\n\t\t\t\t\t<\/div>\n\t\t<\/div>\n\t\t\t\t<div class=\"elementor-column elementor-col-50 elementor-top-column elementor-element elementor-element-1365ba6 exad-glass-effect-no exad-sticky-section-no elementor-invisible\" data-id=\"1365ba6\" data-element_type=\"column\" data-e-type=\"column\" data-settings=\"{&quot;animation&quot;:&quot;fadeIn&quot;}\">\n\t\t\t<div class=\"elementor-widget-wrap elementor-element-populated\">\n\t\t\t\t\t\t<div class=\"elementor-element elementor-element-188d8a0 exad-sticky-section-no exad-glass-effect-no elementor-widget elementor-widget-text-editor\" data-id=\"188d8a0\" data-element_type=\"widget\" data-e-type=\"widget\" data-widget_type=\"text-editor.default\">\n\t\t\t\t<div class=\"elementor-widget-container\">\n\t\t\t\t\t\t\t\t\t<h2 class=\"elementor-heading-title elementor-size-xl\">Milyen anyagokat tal\u00e1lhatsz az oldalon?<\/h2><p>\u00a0<\/p><p>Az oldal els\u0151sorban k\u00e9mi\u00e1val kapcsolatos anyagokat tartalmaz a szerves k\u00e9mi\u00e1t\u00f3l, a szervetlenen \u00e1t az \u00e1ltal\u00e1nos k\u00e9mi\u00e1ig. A tananyagok folyamatosan friss\u00fclnek, \u00e9p\u00fclnek, sz\u00e9p\u00fclnek.\u00a0<img decoding=\"async\" class=\"emoji\" role=\"img\" draggable=\"false\" src=\"https:\/\/s.w.org\/images\/core\/emoji\/14.0.0\/svg\/1f642.svg\" alt=\"\ud83d\ude42\" \/><br \/>Az anyagok prezi form\u00e1tumban, vide\u00f3k\u00e9nt \u00e9s pptx form\u00e1tumban tal\u00e1lhat\u00f3ak meg az oldalon, ezekkel v\u00e9gzem a korrepet\u00e1l\u00e1sokat is. Az anyagok 100%-\u00e1t magam k\u00e9sz\u00edtem, \u00edgy az anyagok elk\u00e9sz\u00fcl\u00e9se id\u0151t vesz ig\u00e9nybe. K\u00e9rlek t\u00e9ged, amennyiben szeretn\u00e9l valamit felhaszn\u00e1lni jel\u00f6lj meg forr\u00e1sk\u00e9nt, amennyiben seg\u00edthetek a projektben, pedig keress meg.<\/p>\t\t\t\t\t\t\t\t<\/div>\n\t\t\t\t<\/div>\n\t\t\t\t\t<\/div>\n\t\t<\/div>\n\t\t\t\t\t<\/div>\n\t\t<\/section>\n\t\t\t\t<section class=\"elementor-section elementor-top-section elementor-element elementor-element-d4e7c59 elementor-section-boxed elementor-section-height-default elementor-section-height-default exad-glass-effect-no exad-sticky-section-no\" data-id=\"d4e7c59\" data-element_type=\"section\" data-e-type=\"section\">\n\t\t\t\t\t\t<div class=\"elementor-container elementor-column-gap-default\">\n\t\t\t\t\t<div class=\"elementor-column elementor-col-100 elementor-top-column elementor-element elementor-element-06800de exad-glass-effect-no exad-sticky-section-no\" data-id=\"06800de\" data-element_type=\"column\" data-e-type=\"column\">\n\t\t\t<div class=\"elementor-widget-wrap elementor-element-populated\">\n\t\t\t\t\t\t<div class=\"elementor-element elementor-element-235f57a exad-sticky-section-no exad-glass-effect-no elementor-widget elementor-widget-spacer\" data-id=\"235f57a\" data-element_type=\"widget\" data-e-type=\"widget\" data-widget_type=\"spacer.default\">\n\t\t\t\t<div class=\"elementor-widget-container\">\n\t\t\t\t\t\t\t<div class=\"elementor-spacer\">\n\t\t\t<div class=\"elementor-spacer-inner\"><\/div>\n\t\t<\/div>\n\t\t\t\t\t\t<\/div>\n\t\t\t\t<\/div>\n\t\t\t\t\t<\/div>\n\t\t<\/div>\n\t\t\t\t\t<\/div>\n\t\t<\/section>\n\t\t\t\t<section class=\"elementor-section elementor-top-section elementor-element elementor-element-ee646aa elementor-section-boxed elementor-section-height-default elementor-section-height-default exad-glass-effect-no exad-sticky-section-no\" data-id=\"ee646aa\" data-element_type=\"section\" data-e-type=\"section\">\n\t\t\t\t\t\t<div class=\"elementor-container elementor-column-gap-default\">\n\t\t\t\t\t<div class=\"elementor-column elementor-col-50 elementor-top-column elementor-element elementor-element-018b544 exad-glass-effect-no exad-sticky-section-no elementor-invisible\" data-id=\"018b544\" data-element_type=\"column\" data-e-type=\"column\" data-settings=\"{&quot;animation&quot;:&quot;zoomIn&quot;}\">\n\t\t\t<div class=\"elementor-widget-wrap elementor-element-populated\">\n\t\t\t\t\t\t<div class=\"elementor-element elementor-element-094b001 exad-sticky-section-no exad-glass-effect-no elementor-widget elementor-widget-text-editor\" data-id=\"094b001\" data-element_type=\"widget\" data-e-type=\"widget\" data-widget_type=\"text-editor.default\">\n\t\t\t\t<div class=\"elementor-widget-container\">\n\t\t\t\t\t\t\t\t\t<h5>Gyerekk\u00e9nt volt egy \u00e1lmom: tan\u00edtani szerettem volna, l\u00e1tni az emberek arc\u00e1n azt a sug\u00e1rz\u00f3 energi\u00e1t(nem, nem a boldogs\u00e1got), amit a tud\u00e1s ereje ny\u00fajt. Ezt azonban nem volt lehet\u0151s\u00e9gem megtenni, nem tagadom az akkori helyzet letomp\u00edtotta lelkesed\u00e9sem, megt\u00f6rnie azonban nem siker\u00fclt, csak a dolgokat od\u00e1zta el&#8230;..<\/h5><p>Az \u00e9n tan\u00edt\u00e1si m\u00f3dszerem h\u0171en t\u00fckr\u00f6zi azt, aki vagyok: nincs rossz k\u00e9rd\u00e9s, csak hib\u00e1s v\u00e1lasz. Ha kell a falat is \u00e1t kell \u00fctni a j\u00f3 eredm\u00e9nyek\u00e9rt. Hiszek abban, hogy sosem szabad feladni b\u00e1rmi is t\u00f6rt\u00e9nik, \u00e9s b\u00edzom a k\u00f6z\u00f6s siker erej\u00e9ben. Mivel sosem tanultam pedag\u00f3gi\u00e1t (egy\u00e9bk\u00e9nt \u00e9pp nemr\u00e9g kezdtem kicsit bele) \u00edgy nem tudok \u00fagy tan\u00edtani mint egy tan\u00e1r. De erre nincs is sz\u00fcks\u00e9g, hiszen nem tan\u00e1ri m\u00f3don kell tan\u00edtani, hanem hat\u00e9konyan.\u00a0<img decoding=\"async\" class=\"emoji\" role=\"img\" draggable=\"false\" src=\"https:\/\/s.w.org\/images\/core\/emoji\/14.0.0\/svg\/1f642.svg\" alt=\"\ud83d\ude42\" \/><\/p><h6><span style=\"text-decoration: underline;\"><strong>Oktat\u00e1si m\u00f3dszeremben az al\u00e1bbi p\u00e9ld\u00e1kat tartom a legfontosabbnak:<\/strong><\/span><\/h6><ul><li><strong>Egy\u00e9ni m\u00f3dszerek:<\/strong> nem szokv\u00e1nyos p\u00e9ld\u00e1k, nem szokv\u00e1nyos m\u00f3dszerek. Sokkal jobban megtanulj\u00e1k az emberek a dolgokat \u00fagy, ha egy k\u00e9phez, \u00e9rz\u00e9shez tudj\u00e1k k\u00f6tni az anyagot nem csak sz\u00e1raz magol\u00e1s.<\/li><li><strong>Rugalmass\u00e1g:<\/strong> nem sz\u00e1m\u00edt, hogy te most lassabban haladsz vagy gyorsabban, milyen az el\u0151k\u00e9pzetts\u00e9ged, vagy rosszak-e a tapasztalataid, itt biztosan megtal\u00e1ljuk azt az ir\u00e1nyt, amellyel el tudjuk \u00e9rni a v\u00e1rt eredm\u00e9nyt.<\/li><li><strong>T\u00fcrelem:<\/strong> ne f\u00e9lj att\u00f3l, hogy ha els\u0151re nem \u00e9rted meg az anyagot, meg fogjuk n\u00e9zni egy m\u00e1sodik szemsz\u00f6gb\u0151, ha kell egy harmadikb\u00f3l \u00e9s egy negyedikb\u0151l is. A l\u00e9nyeg, hogy meg\u00e9rtsd \u00e9s haszn\u00e1lni tudd.<\/li><\/ul>\t\t\t\t\t\t\t\t<\/div>\n\t\t\t\t<\/div>\n\t\t\t\t\t<\/div>\n\t\t<\/div>\n\t\t\t\t<div class=\"elementor-column elementor-col-50 elementor-top-column elementor-element elementor-element-7935f85 exad-glass-effect-no exad-sticky-section-no\" data-id=\"7935f85\" data-element_type=\"column\" data-e-type=\"column\">\n\t\t\t<div class=\"elementor-widget-wrap elementor-element-populated\">\n\t\t\t\t\t\t<div class=\"elementor-element elementor-element-862af11 exad-sticky-section-no exad-glass-effect-no elementor-widget elementor-widget-image\" data-id=\"862af11\" data-element_type=\"widget\" data-e-type=\"widget\" data-widget_type=\"image.default\">\n\t\t\t\t<div class=\"elementor-widget-container\">\n\t\t\t\t\t\t\t\t\t\t\t\t\t\t\t<img fetchpriority=\"high\" decoding=\"async\" width=\"720\" height=\"904\" src=\"https:\/\/www.kemiaokosan.hu\/wp-content\/uploads\/2022\/06\/283907886_426711896125319_6385455746221860167_n.jpg\" class=\"attachment-medium_large size-medium_large wp-image-1464\" alt=\"\" srcset=\"https:\/\/www.kemiaokosan.hu\/wp-content\/uploads\/2022\/06\/283907886_426711896125319_6385455746221860167_n.jpg 720w, https:\/\/www.kemiaokosan.hu\/wp-content\/uploads\/2022\/06\/283907886_426711896125319_6385455746221860167_n-239x300.jpg 239w, https:\/\/www.kemiaokosan.hu\/wp-content\/uploads\/2022\/06\/283907886_426711896125319_6385455746221860167_n-80x100.jpg 80w\" sizes=\"(max-width: 720px) 100vw, 720px\" \/>\t\t\t\t\t\t\t\t\t\t\t\t\t\t\t<\/div>\n\t\t\t\t<\/div>\n\t\t\t\t\t<\/div>\n\t\t<\/div>\n\t\t\t\t\t<\/div>\n\t\t<\/section>\n\t\t\t\t<\/div>\n\t\t","protected":false},"excerpt":{"rendered":"<p>Id\u0151pontfoglal\u00e1s Tud\u00e1st\u00e1r Sok szeretettel l\u00e1tlak a @kemiaokosan hivatalos weboldal\u00e1n, ahol hasznos bejegyz\u00e9seket \u00e9s online tananyagokat tal\u00e1lhatsz az \u00e1ltal\u00e1nos iskolai tartalmakon \u00e1t a k\u00f6z\u00e9piskolai anyagokon kereszt\u00fcl az\u00a0egyetemiekig. Az itt megjelen\u0151 tud\u00e1st\u00e1rat hossz\u00fa \u00e9vek tapasztalata alapj\u00e1n alak\u00edtottam ki azzal a c\u00e9llal, hogy mindenkinek el\u00e9rhet\u0151en \u00e9s hasznosan el lehessen magyar\u00e1zni a k\u00e9miai anyagokat. Hiszem, hogy a tud\u00e1s mindenkinek [&hellip;]<\/p>\n","protected":false},"author":1,"featured_media":0,"parent":0,"menu_order":0,"comment_status":"closed","ping_status":"closed","template":"","meta":{"footnotes":""},"class_list":["post-2145","page","type-page","status-publish","hentry"],"aioseo_notices":[],"_links":{"self":[{"href":"https:\/\/www.kemiaokosan.hu\/index.php?rest_route=\/wp\/v2\/pages\/2145","targetHints":{"allow":["GET"]}}],"collection":[{"href":"https:\/\/www.kemiaokosan.hu\/index.php?rest_route=\/wp\/v2\/pages"}],"about":[{"href":"https:\/\/www.kemiaokosan.hu\/index.php?rest_route=\/wp\/v2\/types\/page"}],"author":[{"embeddable":true,"href":"https:\/\/www.kemiaokosan.hu\/index.php?rest_route=\/wp\/v2\/users\/1"}],"replies":[{"embeddable":true,"href":"https:\/\/www.kemiaokosan.hu\/index.php?rest_route=%2Fwp%2Fv2%2Fcomments&post=2145"}],"version-history":[{"count":53,"href":"https:\/\/www.kemiaokosan.hu\/index.php?rest_route=\/wp\/v2\/pages\/2145\/revisions"}],"predecessor-version":[{"id":2202,"href":"https:\/\/www.kemiaokosan.hu\/index.php?rest_route=\/wp\/v2\/pages\/2145\/revisions\/2202"}],"wp:attachment":[{"href":"https:\/\/www.kemiaokosan.hu\/index.php?rest_route=%2Fwp%2Fv2%2Fmedia&parent=2145"}],"curies":[{"name":"wp","href":"https:\/\/api.w.org\/{rel}","templated":true}]}}