{"id":287,"date":"2021-06-16T16:12:46","date_gmt":"2021-06-16T16:12:46","guid":{"rendered":"https:\/\/www.kemiaokosan.hu\/?page_id=287"},"modified":"2023-02-26T15:42:12","modified_gmt":"2023-02-26T15:42:12","slug":"korrepetalas","status":"publish","type":"page","link":"https:\/\/www.kemiaokosan.hu\/?page_id=287","title":{"rendered":"Korrepet\u00e1l\u00e1s"},"content":{"rendered":"\t\t<div data-elementor-type=\"wp-page\" data-elementor-id=\"287\" class=\"elementor elementor-287\">\n\t\t\t\t\t\t<section class=\"elementor-section elementor-top-section elementor-element elementor-element-da9a0ce elementor-section-boxed elementor-section-height-default elementor-section-height-default exad-glass-effect-no exad-sticky-section-no\" data-id=\"da9a0ce\" data-element_type=\"section\" data-e-type=\"section\">\n\t\t\t\t\t\t<div class=\"elementor-container elementor-column-gap-default\">\n\t\t\t\t\t<div class=\"elementor-column elementor-col-100 elementor-top-column elementor-element elementor-element-e597703 exad-glass-effect-no exad-sticky-section-no\" data-id=\"e597703\" data-element_type=\"column\" data-e-type=\"column\">\n\t\t\t<div class=\"elementor-widget-wrap elementor-element-populated\">\n\t\t\t\t\t\t<div class=\"elementor-element elementor-element-16b51e5 exad-sticky-section-no exad-glass-effect-no elementor-widget elementor-widget-heading\" data-id=\"16b51e5\" data-element_type=\"widget\" data-e-type=\"widget\" data-widget_type=\"heading.default\">\n\t\t\t\t<div class=\"elementor-widget-container\">\n\t\t\t\t\t<h2 class=\"elementor-heading-title elementor-size-default\">Nehezen megy sz\u00e1modra a k\u00e9mia? \u00dagy \u00e9rzed sehogy sem megy \u00e9s a tananyagok sem mindig seg\u00edtenek?\nVan megold\u00e1s!<\/h2>\t\t\t\t<\/div>\n\t\t\t\t<\/div>\n\t\t\t\t\t<\/div>\n\t\t<\/div>\n\t\t\t\t\t<\/div>\n\t\t<\/section>\n\t\t\t\t<section class=\"elementor-section elementor-top-section elementor-element elementor-element-95bc15e elementor-section-boxed elementor-section-height-default elementor-section-height-default exad-glass-effect-no exad-sticky-section-no\" data-id=\"95bc15e\" data-element_type=\"section\" data-e-type=\"section\">\n\t\t\t\t\t\t<div class=\"elementor-container elementor-column-gap-default\">\n\t\t\t\t\t<div class=\"elementor-column elementor-col-100 elementor-top-column elementor-element elementor-element-df37787 exad-glass-effect-no exad-sticky-section-no\" data-id=\"df37787\" data-element_type=\"column\" data-e-type=\"column\">\n\t\t\t<div class=\"elementor-widget-wrap elementor-element-populated\">\n\t\t\t\t\t\t<div class=\"elementor-element elementor-element-04550c6 exad-sticky-section-no exad-glass-effect-no elementor-widget elementor-widget-spacer\" data-id=\"04550c6\" data-element_type=\"widget\" data-e-type=\"widget\" data-widget_type=\"spacer.default\">\n\t\t\t\t<div class=\"elementor-widget-container\">\n\t\t\t\t\t\t\t<div class=\"elementor-spacer\">\n\t\t\t<div class=\"elementor-spacer-inner\"><\/div>\n\t\t<\/div>\n\t\t\t\t\t\t<\/div>\n\t\t\t\t<\/div>\n\t\t\t\t\t<\/div>\n\t\t<\/div>\n\t\t\t\t\t<\/div>\n\t\t<\/section>\n\t\t\t\t<section class=\"elementor-section elementor-top-section elementor-element elementor-element-75d87ed elementor-section-boxed elementor-section-height-default elementor-section-height-default exad-glass-effect-no exad-sticky-section-no\" data-id=\"75d87ed\" data-element_type=\"section\" data-e-type=\"section\">\n\t\t\t\t\t\t<div class=\"elementor-container elementor-column-gap-default\">\n\t\t\t\t\t<div class=\"elementor-column elementor-col-100 elementor-top-column elementor-element elementor-element-99a379b exad-sticky-section-no\" data-id=\"99a379b\" data-element_type=\"column\" data-e-type=\"column\">\n\t\t\t<div class=\"elementor-widget-wrap elementor-element-populated\">\n\t\t\t\t\t\t<div class=\"elementor-element elementor-element-4137604 exad-sticky-section-no exad-glass-effect-no elementor-widget elementor-widget-text-editor\" data-id=\"4137604\" data-element_type=\"widget\" data-e-type=\"widget\" data-widget_type=\"text-editor.default\">\n\t\t\t\t<div class=\"elementor-widget-container\">\n\t\t\t\t\t\t\t\t\t<h3><span style=\"font-weight: bolder; color: #0000ff;\">Jelentkezz hozz\u00e1m korrepet\u00e1l\u00e1sra.<\/span><\/h3><p>Amennyiben k\u00f6veted az oldalam tartalmait tudhatod hogy pr\u00f3b\u00e1lok egy teljesen m\u00e1s szellemben tan\u00edtani, mint ahogy engem tan\u00edtottak vagy tan\u00edtott\u00e1k a sz\u00fcleimet \u00e9s m\u00e9g di\u00e1kok t\u00edzezreit. Ebb\u0151l k\u00f6vetkez\u0151en az alapelveimet a korrepet\u00e1l\u00e1s sor\u00e1n is fenntartom mindig \u00e9s minden k\u00f6r\u00fclm\u00e9nyek k\u00f6z\u00f6tt. Ez\u00e9rt is \u00e9rdemes hozz\u00e1m jelentkezned, mivel k\u00fcldet\u00e9sem, hogy a di\u00e1kjaim a lehet\u0151 legjobb \u00e9s legeredm\u00e9nyeseben \u00e9lj\u00e9k mindennapjaikat \u00e9s az eg\u00e9sz \u00e9let\u00fcket.<\/p>\t\t\t\t\t\t\t\t<\/div>\n\t\t\t\t<\/div>\n\t\t\t\t\t<\/div>\n\t\t<\/div>\n\t\t\t\t\t<\/div>\n\t\t<\/section>\n\t\t\t\t<section class=\"elementor-section elementor-top-section elementor-element elementor-element-09aa402 elementor-section-boxed elementor-section-height-default elementor-section-height-default exad-glass-effect-no exad-sticky-section-no\" data-id=\"09aa402\" data-element_type=\"section\" data-e-type=\"section\">\n\t\t\t\t\t\t<div class=\"elementor-container elementor-column-gap-default\">\n\t\t\t\t\t<div class=\"elementor-column elementor-col-100 elementor-top-column elementor-element elementor-element-1480b4e exad-glass-effect-no exad-sticky-section-no\" data-id=\"1480b4e\" data-element_type=\"column\" data-e-type=\"column\">\n\t\t\t<div class=\"elementor-widget-wrap elementor-element-populated\">\n\t\t\t\t\t\t<div class=\"elementor-element elementor-element-1559f73 exad-sticky-section-no exad-glass-effect-no elementor-widget elementor-widget-spacer\" data-id=\"1559f73\" data-element_type=\"widget\" data-e-type=\"widget\" data-widget_type=\"spacer.default\">\n\t\t\t\t<div class=\"elementor-widget-container\">\n\t\t\t\t\t\t\t<div class=\"elementor-spacer\">\n\t\t\t<div class=\"elementor-spacer-inner\"><\/div>\n\t\t<\/div>\n\t\t\t\t\t\t<\/div>\n\t\t\t\t<\/div>\n\t\t\t\t\t<\/div>\n\t\t<\/div>\n\t\t\t\t\t<\/div>\n\t\t<\/section>\n\t\t\t\t<section class=\"elementor-section elementor-top-section elementor-element elementor-element-2c7bd27 elementor-section-boxed elementor-section-height-default elementor-section-height-default exad-glass-effect-no exad-sticky-section-no\" data-id=\"2c7bd27\" data-element_type=\"section\" data-e-type=\"section\">\n\t\t\t\t\t\t<div class=\"elementor-container elementor-column-gap-default\">\n\t\t\t\t\t<div class=\"elementor-column elementor-col-100 elementor-top-column elementor-element elementor-element-cf4f386 exad-glass-effect-no exad-sticky-section-no\" data-id=\"cf4f386\" data-element_type=\"column\" data-e-type=\"column\">\n\t\t\t<div class=\"elementor-widget-wrap elementor-element-populated\">\n\t\t\t\t\t\t<div class=\"elementor-element elementor-element-7a20413 exad-sticky-section-no exad-glass-effect-no elementor-widget elementor-widget-heading\" data-id=\"7a20413\" data-element_type=\"widget\" data-e-type=\"widget\" data-widget_type=\"heading.default\">\n\t\t\t\t<div class=\"elementor-widget-container\">\n\t\t\t\t\t<h2 class=\"elementor-heading-title elementor-size-default\">Mi\u00e9rt \u00e9rdemes jelentkezned?<\/h2>\t\t\t\t<\/div>\n\t\t\t\t<\/div>\n\t\t\t\t\t<\/div>\n\t\t<\/div>\n\t\t\t\t\t<\/div>\n\t\t<\/section>\n\t\t\t\t<section class=\"elementor-section elementor-top-section elementor-element elementor-element-93c346e elementor-section-boxed elementor-section-height-default elementor-section-height-default exad-glass-effect-no exad-sticky-section-no\" data-id=\"93c346e\" data-element_type=\"section\" data-e-type=\"section\">\n\t\t\t\t\t\t<div class=\"elementor-container elementor-column-gap-default\">\n\t\t\t\t\t<div class=\"elementor-column elementor-col-100 elementor-top-column elementor-element elementor-element-c40af40 exad-glass-effect-no exad-sticky-section-no\" data-id=\"c40af40\" data-element_type=\"column\" data-e-type=\"column\">\n\t\t\t<div class=\"elementor-widget-wrap elementor-element-populated\">\n\t\t\t\t\t\t<div class=\"elementor-element elementor-element-0cd062b exad-sticky-section-no exad-glass-effect-no elementor-widget elementor-widget-text-editor\" data-id=\"0cd062b\" data-element_type=\"widget\" data-e-type=\"widget\" data-widget_type=\"text-editor.default\">\n\t\t\t\t<div class=\"elementor-widget-container\">\n\t\t\t\t\t\t\t\t\t<p>Nem szeretn\u00e9k hitegetni senkit, var\u00e1zsl\u00f3 nem vagyok. Azonban ha te is akarod nagyon l\u00e1tv\u00e1nyos eredm\u00e9nyeket tudunk egy\u00fctt el\u00e9rni. Minden \u00faj di\u00e1kommal szeretek az els\u0151 \u00f3ra el\u0151tt egy 0-dik \u00f3r\u00e1ra le\u00fclni \u00e9s megismerni \u0151t felm\u00e9rni a v\u00e1gyait, c\u00e9ljait \u00e9s elv\u00e1r\u00e1sait, \u00e9s ezekb\u0151l hozom \u00f6ssze a tananyagokat \u00e9s a tervet a tanul\u00e1shoz. Minden \u00f3ra el\u0151tt megkapod az \u00f3r\u00e1hoz sz\u00fcks\u00e9ges tananyagot, ha m\u00e9g nincs megcsin\u00e1lom. \ud83d\ude42<\/p>\n<p>Ha engem v\u00e1lasztasz biztos lehetsz benne, hogy foglalkozni fogok veled \u00e9s a tananyag a te ig\u00e9nyeidre lesz szabva. Nem vagyok multi \u00e9s az oktat\u00e1si id\u0151pontokban is pr\u00f3b\u00e1lok rugalmas lenni, term\u00e9szetesen a munka mellett. A logikus gondolkod\u00e1st r\u00e9szes\u00edtem el\u0151nyben(de ez csak a szem\u00e9lyis\u00e9gemb\u0151l ad\u00f3dik), azonban ha kell zen\u00e9l\u00fcnk rajzolunk, sz\u00ednez\u00fcnk a l\u00e9nyeg, hogy meg\u00e9rtsd a dolgokat. Az \u00f3ra ut\u00e1n mindig k\u00e9rek visszajelz\u00e9st \u00e9s a k\u00f6vetkez\u0151t m\u00e1r a szerint alak\u00edtom ki.<\/p>\t\t\t\t\t\t\t\t<\/div>\n\t\t\t\t<\/div>\n\t\t\t\t\t<\/div>\n\t\t<\/div>\n\t\t\t\t\t<\/div>\n\t\t<\/section>\n\t\t\t\t<section class=\"elementor-section elementor-top-section elementor-element elementor-element-4815854 elementor-section-boxed elementor-section-height-default elementor-section-height-default exad-glass-effect-no exad-sticky-section-no\" data-id=\"4815854\" data-element_type=\"section\" data-e-type=\"section\">\n\t\t\t\t\t\t<div class=\"elementor-container elementor-column-gap-default\">\n\t\t\t\t\t<div class=\"elementor-column elementor-col-100 elementor-top-column elementor-element elementor-element-0203855 exad-glass-effect-no exad-sticky-section-no\" data-id=\"0203855\" data-element_type=\"column\" data-e-type=\"column\">\n\t\t\t<div class=\"elementor-widget-wrap elementor-element-populated\">\n\t\t\t\t\t\t<div class=\"elementor-element elementor-element-489d280 exad-sticky-section-no exad-glass-effect-no elementor-widget elementor-widget-heading\" data-id=\"489d280\" data-element_type=\"widget\" data-e-type=\"widget\" data-widget_type=\"heading.default\">\n\t\t\t\t<div class=\"elementor-widget-container\">\n\t\t\t\t\t<h2 class=\"elementor-heading-title elementor-size-default\">Miben lesz m\u00e1s ez mint egy norm\u00e1l korrepet\u00e1l\u00e1s?<\/h2>\t\t\t\t<\/div>\n\t\t\t\t<\/div>\n\t\t\t\t\t<\/div>\n\t\t<\/div>\n\t\t\t\t\t<\/div>\n\t\t<\/section>\n\t\t\t\t<section class=\"elementor-section elementor-top-section elementor-element elementor-element-ec8ca34 elementor-section-boxed elementor-section-height-default elementor-section-height-default exad-glass-effect-no exad-sticky-section-no\" data-id=\"ec8ca34\" data-element_type=\"section\" data-e-type=\"section\">\n\t\t\t\t\t\t<div class=\"elementor-container elementor-column-gap-default\">\n\t\t\t\t\t<div class=\"elementor-column elementor-col-100 elementor-top-column elementor-element elementor-element-f5e8d63 exad-glass-effect-no exad-sticky-section-no\" data-id=\"f5e8d63\" data-element_type=\"column\" data-e-type=\"column\" data-settings=\"{&quot;background_background&quot;:&quot;classic&quot;}\">\n\t\t\t<div class=\"elementor-widget-wrap elementor-element-populated\">\n\t\t\t\t\t\t<div class=\"elementor-element elementor-element-b1b0055 exad-sticky-section-no exad-glass-effect-no elementor-widget elementor-widget-text-editor\" data-id=\"b1b0055\" data-element_type=\"widget\" data-e-type=\"widget\" data-widget_type=\"text-editor.default\">\n\t\t\t\t<div class=\"elementor-widget-container\">\n\t\t\t\t\t\t\t\t\t<h5>1. Szem\u00e9lyre szabott oktat\u00e1si terv ment\u00e9n fogunk haladni, a te ig\u00e9nyeid szerint<\/h5>\n<h5>2. Sz\u00fcks\u00e9g eset\u00e9n fel is tudjuk venni az \u00f3r\u00e1t, \u00edgy az b\u00e1rmennyiszer visszahallgathat\u00f3 lesz sz\u00e1modra.<\/h5>\n<h5>3. Egyedi vide\u00f3k \u00e9s feladatok seg\u00edtik a tanul\u00e1si mechanizmusodat<\/h5>\n<h5>4. Az eml\u00edtett id\u0151ben csak veled foglalkozom, \u00edgy az oktat\u00e1s teljesen szem\u00e9lyes lesz.<\/h5>\t\t\t\t\t\t\t\t<\/div>\n\t\t\t\t<\/div>\n\t\t\t\t\t<\/div>\n\t\t<\/div>\n\t\t\t\t\t<\/div>\n\t\t<\/section>\n\t\t\t\t<section class=\"elementor-section elementor-top-section elementor-element elementor-element-5f5a0b8 elementor-section-boxed elementor-section-height-default elementor-section-height-default exad-glass-effect-no exad-sticky-section-no\" data-id=\"5f5a0b8\" data-element_type=\"section\" data-e-type=\"section\">\n\t\t\t\t\t\t<div class=\"elementor-container elementor-column-gap-default\">\n\t\t\t\t\t<div class=\"elementor-column elementor-col-100 elementor-top-column elementor-element elementor-element-391c920 exad-glass-effect-no exad-sticky-section-no\" data-id=\"391c920\" data-element_type=\"column\" data-e-type=\"column\">\n\t\t\t<div class=\"elementor-widget-wrap elementor-element-populated\">\n\t\t\t\t\t\t<div class=\"elementor-element elementor-element-10d60ce exad-sticky-section-no exad-glass-effect-no elementor-widget elementor-widget-heading\" data-id=\"10d60ce\" data-element_type=\"widget\" data-e-type=\"widget\" data-widget_type=\"heading.default\">\n\t\t\t\t<div class=\"elementor-widget-container\">\n\t\t\t\t\t<h2 class=\"elementor-heading-title elementor-size-default\">Ez j\u00f3l hangzik, de hogyan val\u00f3sul ez meg?\n\n<\/h2>\t\t\t\t<\/div>\n\t\t\t\t<\/div>\n\t\t\t\t\t<\/div>\n\t\t<\/div>\n\t\t\t\t\t<\/div>\n\t\t<\/section>\n\t\t\t\t<section class=\"elementor-section elementor-top-section elementor-element elementor-element-0d8433d elementor-section-boxed elementor-section-height-default elementor-section-height-default exad-glass-effect-no exad-sticky-section-no\" data-id=\"0d8433d\" data-element_type=\"section\" data-e-type=\"section\">\n\t\t\t\t\t\t<div class=\"elementor-container elementor-column-gap-default\">\n\t\t\t\t\t<div class=\"elementor-column elementor-col-100 elementor-top-column elementor-element elementor-element-cddf9d5 exad-glass-effect-no exad-sticky-section-no\" data-id=\"cddf9d5\" data-element_type=\"column\" data-e-type=\"column\">\n\t\t\t<div class=\"elementor-widget-wrap elementor-element-populated\">\n\t\t\t\t\t\t<div class=\"elementor-element elementor-element-87aed48 exad-sticky-section-no exad-glass-effect-no elementor-widget elementor-widget-text-editor\" data-id=\"87aed48\" data-element_type=\"widget\" data-e-type=\"widget\" data-widget_type=\"text-editor.default\">\n\t\t\t\t<div class=\"elementor-widget-container\">\n\t\t\t\t\t\t\t\t\t<p>Az \u00f3r\u00e1imat h\u00e1zi korrepet\u00e1l\u00e1s keretein bel\u00fcl v\u00e9gzem, ak\u00e1r szem\u00e9lyesen ak\u00e1r online. Ez persze azt is jelenti hogy pr\u00f3b\u00e1lok konkr\u00e9t \u00e9s k\u00f6vethet\u0151 m\u00f3don dolgozni. Az \u00f3r\u00e1imat mindig egy\u00e9nileg tartom. Ebb\u0151l k\u00f6vetkez\u0151en csak veled foglalkozom ilyenkor. Az \u00f3r\u00e1k idej\u00e9t pr\u00f3b\u00e1lom konszenzusosan alak\u00edtani, teh\u00e1t 45 perc, vagy 60 perc, ez t\u0151led f\u00fcgg.<\/p><p>Az \u00e1rakat pr\u00f3b\u00e1ltam \u00fagy alak\u00edtani, hogy b\u00e1rki sz\u00e1m\u00e1ra megfizethet\u0151 legyen, \u00e9s ne okozzon s\u00farl\u00f3d\u00e1st k\u00f6zt\u00fcnk.<\/p><h5><strong>Egy\u00e9ni 45 perces \u00f3ra: 4000 ft<\/strong><\/h5><h5><strong>Egy\u00e9ni 60 perces \u00f3ra: 4500 ft<\/strong><\/h5>\t\t\t\t\t\t\t\t<\/div>\n\t\t\t\t<\/div>\n\t\t\t\t\t<\/div>\n\t\t<\/div>\n\t\t\t\t\t<\/div>\n\t\t<\/section>\n\t\t\t\t<section class=\"elementor-section elementor-top-section elementor-element elementor-element-a157242 elementor-section-boxed elementor-section-height-default elementor-section-height-default exad-glass-effect-no exad-sticky-section-no\" data-id=\"a157242\" data-element_type=\"section\" data-e-type=\"section\">\n\t\t\t\t\t\t<div class=\"elementor-container elementor-column-gap-default\">\n\t\t\t\t\t<div class=\"elementor-column elementor-col-100 elementor-top-column elementor-element elementor-element-17a07ca exad-glass-effect-no exad-sticky-section-no\" data-id=\"17a07ca\" data-element_type=\"column\" data-e-type=\"column\">\n\t\t\t<div class=\"elementor-widget-wrap elementor-element-populated\">\n\t\t\t\t\t\t\t<\/div>\n\t\t<\/div>\n\t\t\t\t\t<\/div>\n\t\t<\/section>\n\t\t\t\t<section class=\"elementor-section elementor-top-section elementor-element elementor-element-27fcf9c elementor-section-boxed elementor-section-height-default elementor-section-height-default exad-glass-effect-no exad-sticky-section-no\" data-id=\"27fcf9c\" data-element_type=\"section\" data-e-type=\"section\">\n\t\t\t\t\t\t<div class=\"elementor-container elementor-column-gap-default\">\n\t\t\t\t\t<div class=\"elementor-column elementor-col-100 elementor-top-column elementor-element elementor-element-de62029 exad-glass-effect-no exad-sticky-section-no\" data-id=\"de62029\" data-element_type=\"column\" data-e-type=\"column\">\n\t\t\t<div class=\"elementor-widget-wrap elementor-element-populated\">\n\t\t\t\t\t\t<div class=\"elementor-element elementor-element-e254d9c elementor-align-center exad-sticky-section-no exad-glass-effect-no elementor-widget elementor-widget-button\" data-id=\"e254d9c\" data-element_type=\"widget\" data-e-type=\"widget\" data-widget_type=\"button.default\">\n\t\t\t\t<div class=\"elementor-widget-container\">\n\t\t\t\t\t\t\t\t\t<div class=\"elementor-button-wrapper\">\n\t\t\t\t\t<a class=\"elementor-button elementor-button-link elementor-size-xl\" href=\"https:\/\/www.kemiaokosan.hu\/elementor-1275\/\">\n\t\t\t\t\t\t<span class=\"elementor-button-content-wrapper\">\n\t\t\t\t\t\t\t\t\t<span class=\"elementor-button-text\">\u00c9rdekel a dolog, id\u0151pontot foglalok!<\/span>\n\t\t\t\t\t<\/span>\n\t\t\t\t\t<\/a>\n\t\t\t\t<\/div>\n\t\t\t\t\t\t\t\t<\/div>\n\t\t\t\t<\/div>\n\t\t\t\t\t<\/div>\n\t\t<\/div>\n\t\t\t\t\t<\/div>\n\t\t<\/section>\n\t\t\t\t<\/div>\n\t\t","protected":false},"excerpt":{"rendered":"<p>Nehezen megy sz\u00e1modra a k\u00e9mia? \u00dagy \u00e9rzed sehogy sem megy \u00e9s a tananyagok sem mindig seg\u00edtenek? Van megold\u00e1s! Jelentkezz hozz\u00e1m korrepet\u00e1l\u00e1sra. Amennyiben k\u00f6veted az oldalam tartalmait tudhatod hogy pr\u00f3b\u00e1lok egy teljesen m\u00e1s szellemben tan\u00edtani, mint ahogy engem tan\u00edtottak vagy tan\u00edtott\u00e1k a sz\u00fcleimet \u00e9s m\u00e9g di\u00e1kok t\u00edzezreit. Ebb\u0151l k\u00f6vetkez\u0151en az alapelveimet a korrepet\u00e1l\u00e1s sor\u00e1n is fenntartom [&hellip;]<\/p>\n","protected":false},"author":1,"featured_media":0,"parent":0,"menu_order":0,"comment_status":"closed","ping_status":"closed","template":"","meta":{"footnotes":""},"class_list":["post-287","page","type-page","status-publish","hentry"],"aioseo_notices":[],"_links":{"self":[{"href":"https:\/\/www.kemiaokosan.hu\/index.php?rest_route=\/wp\/v2\/pages\/287","targetHints":{"allow":["GET"]}}],"collection":[{"href":"https:\/\/www.kemiaokosan.hu\/index.php?rest_route=\/wp\/v2\/pages"}],"about":[{"href":"https:\/\/www.kemiaokosan.hu\/index.php?rest_route=\/wp\/v2\/types\/page"}],"author":[{"embeddable":true,"href":"https:\/\/www.kemiaokosan.hu\/index.php?rest_route=\/wp\/v2\/users\/1"}],"replies":[{"embeddable":true,"href":"https:\/\/www.kemiaokosan.hu\/index.php?rest_route=%2Fwp%2Fv2%2Fcomments&post=287"}],"version-history":[{"count":82,"href":"https:\/\/www.kemiaokosan.hu\/index.php?rest_route=\/wp\/v2\/pages\/287\/revisions"}],"predecessor-version":[{"id":2083,"href":"https:\/\/www.kemiaokosan.hu\/index.php?rest_route=\/wp\/v2\/pages\/287\/revisions\/2083"}],"wp:attachment":[{"href":"https:\/\/www.kemiaokosan.hu\/index.php?rest_route=%2Fwp%2Fv2%2Fmedia&parent=287"}],"curies":[{"name":"wp","href":"https:\/\/api.w.org\/{rel}","templated":true}]}}