{"id":8,"date":"2021-02-01T17:25:29","date_gmt":"2021-02-01T17:25:29","guid":{"rendered":"http:\/\/www.kemiaokosan.hu\/?page_id=8"},"modified":"2023-05-01T14:52:44","modified_gmt":"2023-05-01T14:52:44","slug":"elerhetoseg","status":"publish","type":"page","link":"https:\/\/www.kemiaokosan.hu\/?page_id=8","title":{"rendered":"Vedd fel velem a kapcsolatot \u00fczenj nekem!"},"content":{"rendered":"\t\t<div data-elementor-type=\"wp-page\" data-elementor-id=\"8\" class=\"elementor elementor-8\">\n\t\t\t\t\t\t<section class=\"elementor-section elementor-top-section elementor-element elementor-element-f1c50ce elementor-section-boxed elementor-section-height-default elementor-section-height-default exad-glass-effect-no exad-sticky-section-no\" data-id=\"f1c50ce\" data-element_type=\"section\" data-e-type=\"section\">\n\t\t\t\t\t\t<div class=\"elementor-container elementor-column-gap-default\">\n\t\t\t\t\t<div class=\"elementor-column elementor-col-100 elementor-top-column elementor-element elementor-element-244e182 exad-glass-effect-no exad-sticky-section-no\" data-id=\"244e182\" data-element_type=\"column\" data-e-type=\"column\">\n\t\t\t<div class=\"elementor-widget-wrap elementor-element-populated\">\n\t\t\t\t\t\t<div class=\"elementor-element elementor-element-17a2922 exad-sticky-section-no exad-glass-effect-no elementor-widget elementor-widget-text-editor\" data-id=\"17a2922\" data-element_type=\"widget\" data-e-type=\"widget\" data-widget_type=\"text-editor.default\">\n\t\t\t\t<div class=\"elementor-widget-container\">\n\t\t\t\t\t\t\t\t\t<h1>\u00dcdv\u00f6z\u00f6llek!<\/h1><p>Tudom, hogy a kapcsolatfelv\u00e9tel olykor neh\u00e9z tud lenni. Sokszor f\u00e9lsz, hogy nem id\u0151ben v\u00e1laszol a partner, vagy esetleg te zavarod nem megfelel\u0151 id\u0151pontban&#8230;..<\/p><p>Ennek kik\u00fcsz\u00f6b\u00f6l\u00e9s\u00e9re k\u00e9sz\u00fclt az oldal ezen f\u00fcle. Itt b\u00e1rmelyik el\u00e9rhet\u0151s\u00e9gemet megtal\u00e1lod, \u00edgy nem kell agg\u00f3dnod, hogy elt\u0171nn\u00e9k, vagy nem v\u00e1laszoln\u00e9k.<\/p><p>A kis ikonokra kattintva el\u0151rheted f\u0151bb el\u00e9rhet\u0151s\u00e9geimet. Amennyiben nem venn\u00e9m fel, ne agg\u00f3dj, val\u00f3sz\u00edn\u0171leg \u00f3r\u00e1t tartom, vagy dolgozom, ilyenkor sajnos nem tudok azonnal v\u00e1laszolni. Amennyiben a hivatalos utad szeretn\u00e9d j\u00e1rni, az al\u00e1bbi &#8220;contact \u0171rlap&#8221; seg\u00edts\u00e9g\u00e9vel is fel tudod venni velem a kapcsolatot, amennyiben \u00e1ltal\u00e1nosabb jelleg\u0171 k\u00e9rd\u00e9sed lenne.<\/p><h5><strong><span style=\"color: #ff0000;\">Az al\u00e1bbi ikonok megnyom\u00e1s\u00e1val k\u00f6zvetlen\u00fcl is kapcsolatba tudsz velem l\u00e9pni!<\/span><\/strong><\/h5><p>\u00a0<\/p>\t\t\t\t\t\t\t\t<\/div>\n\t\t\t\t<\/div>\n\t\t\t\t\t<\/div>\n\t\t<\/div>\n\t\t\t\t\t<\/div>\n\t\t<\/section>\n\t\t\t\t<section class=\"elementor-section elementor-top-section elementor-element elementor-element-a801d81 elementor-section-boxed elementor-section-height-default elementor-section-height-default exad-glass-effect-no exad-sticky-section-no\" data-id=\"a801d81\" data-element_type=\"section\" data-e-type=\"section\">\n\t\t\t\t\t\t<div class=\"elementor-container elementor-column-gap-default\">\n\t\t\t\t\t<div class=\"elementor-column elementor-col-25 elementor-top-column elementor-element elementor-element-9230e9c exad-glass-effect-no exad-sticky-section-no\" data-id=\"9230e9c\" data-element_type=\"column\" data-e-type=\"column\">\n\t\t\t<div class=\"elementor-widget-wrap elementor-element-populated\">\n\t\t\t\t\t\t<div class=\"elementor-element elementor-element-47a7bb1 elementor-view-default exad-sticky-section-no exad-glass-effect-no elementor-widget elementor-widget-icon\" data-id=\"47a7bb1\" data-element_type=\"widget\" data-e-type=\"widget\" data-widget_type=\"icon.default\">\n\t\t\t\t<div class=\"elementor-widget-container\">\n\t\t\t\t\t\t\t<div class=\"elementor-icon-wrapper\">\n\t\t\t<a class=\"elementor-icon\" href=\"https:\/\/join.skype.com\/invite\/FPnPhAq4KgXG\">\n\t\t\t<i aria-hidden=\"true\" class=\"fab fa-skype\"><\/i>\t\t\t<\/a>\n\t\t<\/div>\n\t\t\t\t\t\t<\/div>\n\t\t\t\t<\/div>\n\t\t\t\t\t<\/div>\n\t\t<\/div>\n\t\t\t\t<div class=\"elementor-column elementor-col-25 elementor-top-column elementor-element elementor-element-a637299 exad-glass-effect-no exad-sticky-section-no\" data-id=\"a637299\" data-element_type=\"column\" data-e-type=\"column\">\n\t\t\t<div class=\"elementor-widget-wrap elementor-element-populated\">\n\t\t\t\t\t\t<div class=\"elementor-element elementor-element-a46d4df elementor-view-default exad-sticky-section-no exad-glass-effect-no elementor-widget elementor-widget-icon\" data-id=\"a46d4df\" data-element_type=\"widget\" data-e-type=\"widget\" data-widget_type=\"icon.default\">\n\t\t\t\t<div class=\"elementor-widget-container\">\n\t\t\t\t\t\t\t<div class=\"elementor-icon-wrapper\">\n\t\t\t<a class=\"elementor-icon\" href=\"https:\/\/www.facebook.com\/kemiaokosan\">\n\t\t\t<i aria-hidden=\"true\" class=\"fab fa-facebook\"><\/i>\t\t\t<\/a>\n\t\t<\/div>\n\t\t\t\t\t\t<\/div>\n\t\t\t\t<\/div>\n\t\t\t\t\t<\/div>\n\t\t<\/div>\n\t\t\t\t<div class=\"elementor-column elementor-col-25 elementor-top-column elementor-element elementor-element-c5b19ea exad-glass-effect-no exad-sticky-section-no\" data-id=\"c5b19ea\" data-element_type=\"column\" data-e-type=\"column\">\n\t\t\t<div class=\"elementor-widget-wrap elementor-element-populated\">\n\t\t\t\t\t\t<div class=\"elementor-element elementor-element-773b70d elementor-view-default exad-sticky-section-no exad-glass-effect-no elementor-widget elementor-widget-icon\" data-id=\"773b70d\" data-element_type=\"widget\" data-e-type=\"widget\" data-widget_type=\"icon.default\">\n\t\t\t\t<div class=\"elementor-widget-container\">\n\t\t\t\t\t\t\t<div class=\"elementor-icon-wrapper\">\n\t\t\t<a class=\"elementor-icon\" href=\"http:\/\/kemiaokosan@gmail.com\">\n\t\t\t<i aria-hidden=\"true\" class=\"feather icon-mail\"><\/i>\t\t\t<\/a>\n\t\t<\/div>\n\t\t\t\t\t\t<\/div>\n\t\t\t\t<\/div>\n\t\t\t\t\t<\/div>\n\t\t<\/div>\n\t\t\t\t<div class=\"elementor-column elementor-col-25 elementor-top-column elementor-element elementor-element-903fec2 exad-glass-effect-no exad-sticky-section-no\" data-id=\"903fec2\" data-element_type=\"column\" data-e-type=\"column\">\n\t\t\t<div class=\"elementor-widget-wrap elementor-element-populated\">\n\t\t\t\t\t\t<div class=\"elementor-element elementor-element-6ec6b71 elementor-view-default exad-sticky-section-no exad-glass-effect-no elementor-widget elementor-widget-icon\" data-id=\"6ec6b71\" data-element_type=\"widget\" data-e-type=\"widget\" data-widget_type=\"icon.default\">\n\t\t\t\t<div class=\"elementor-widget-container\">\n\t\t\t\t\t\t\t<div class=\"elementor-icon-wrapper\">\n\t\t\t<a class=\"elementor-icon\" href=\"https:\/\/urilcard.com\/HorvathBalazs\">\n\t\t\t<i aria-hidden=\"true\" class=\"fas fa-mobile\"><\/i>\t\t\t<\/a>\n\t\t<\/div>\n\t\t\t\t\t\t<\/div>\n\t\t\t\t<\/div>\n\t\t\t\t\t<\/div>\n\t\t<\/div>\n\t\t\t\t\t<\/div>\n\t\t<\/section>\n\t\t\t\t<\/div>\n\t\t","protected":false},"excerpt":{"rendered":"<p>\u00dcdv\u00f6z\u00f6llek! Tudom, hogy a kapcsolatfelv\u00e9tel olykor neh\u00e9z tud lenni. Sokszor f\u00e9lsz, hogy nem id\u0151ben v\u00e1laszol a partner, vagy esetleg te zavarod nem megfelel\u0151 id\u0151pontban&#8230;.. Ennek kik\u00fcsz\u00f6b\u00f6l\u00e9s\u00e9re k\u00e9sz\u00fclt az oldal ezen f\u00fcle. Itt b\u00e1rmelyik el\u00e9rhet\u0151s\u00e9gemet megtal\u00e1lod, \u00edgy nem kell agg\u00f3dnod, hogy elt\u0171nn\u00e9k, vagy nem v\u00e1laszoln\u00e9k. A kis ikonokra kattintva el\u0151rheted f\u0151bb el\u00e9rhet\u0151s\u00e9geimet. Amennyiben nem venn\u00e9m fel, [&hellip;]<\/p>\n","protected":false},"author":1,"featured_media":12,"parent":0,"menu_order":0,"comment_status":"closed","ping_status":"closed","template":"","meta":{"footnotes":""},"class_list":["post-8","page","type-page","status-publish","has-post-thumbnail","hentry"],"aioseo_notices":[],"_links":{"self":[{"href":"https:\/\/www.kemiaokosan.hu\/index.php?rest_route=\/wp\/v2\/pages\/8","targetHints":{"allow":["GET"]}}],"collection":[{"href":"https:\/\/www.kemiaokosan.hu\/index.php?rest_route=\/wp\/v2\/pages"}],"about":[{"href":"https:\/\/www.kemiaokosan.hu\/index.php?rest_route=\/wp\/v2\/types\/page"}],"author":[{"embeddable":true,"href":"https:\/\/www.kemiaokosan.hu\/index.php?rest_route=\/wp\/v2\/users\/1"}],"replies":[{"embeddable":true,"href":"https:\/\/www.kemiaokosan.hu\/index.php?rest_route=%2Fwp%2Fv2%2Fcomments&post=8"}],"version-history":[{"count":34,"href":"https:\/\/www.kemiaokosan.hu\/index.php?rest_route=\/wp\/v2\/pages\/8\/revisions"}],"predecessor-version":[{"id":2108,"href":"https:\/\/www.kemiaokosan.hu\/index.php?rest_route=\/wp\/v2\/pages\/8\/revisions\/2108"}],"wp:featuredmedia":[{"embeddable":true,"href":"https:\/\/www.kemiaokosan.hu\/index.php?rest_route=\/wp\/v2\/media\/12"}],"wp:attachment":[{"href":"https:\/\/www.kemiaokosan.hu\/index.php?rest_route=%2Fwp%2Fv2%2Fmedia&parent=8"}],"curies":[{"name":"wp","href":"https:\/\/api.w.org\/{rel}","templated":true}]}}